{"id":71,"date":"2025-06-27T23:56:44","date_gmt":"2025-06-27T23:56:44","guid":{"rendered":"https:\/\/msa-projects.com\/blog\/?page_id=71"},"modified":"2025-07-08T20:03:45","modified_gmt":"2025-07-08T20:03:45","slug":"desarrollo-web","status":"publish","type":"page","link":"https:\/\/msa-projects.com\/blog\/","title":{"rendered":"Desarrollo web"},"content":{"rendered":"\t\t<div data-elementor-type=\"wp-page\" data-elementor-id=\"71\" class=\"elementor elementor-71\" data-elementor-post-type=\"page\">\n\t\t\t\t<div class=\"elementor-element elementor-element-33f01ac e-flex e-con-boxed e-con e-parent\" data-id=\"33f01ac\" data-element_type=\"container\" data-settings=\"{&quot;background_background&quot;:&quot;classic&quot;}\">\n\t\t\t\t\t<div class=\"e-con-inner\">\n\t\t\t\t<div class=\"elementor-element elementor-element-46b0855 elementor-widget elementor-widget-heading\" data-id=\"46b0855\" data-element_type=\"widget\" data-widget_type=\"heading.default\">\n\t\t\t\t<div class=\"elementor-widget-container\">\n\t\t\t\t\t<h2 class=\"elementor-heading-title elementor-size-default\">Noticias<\/h2>\t\t\t\t<\/div>\n\t\t\t\t<\/div>\n\t\t\t\t<div class=\"elementor-element elementor-element-656c638 elementor-widget elementor-widget-heading\" data-id=\"656c638\" data-element_type=\"widget\" data-widget_type=\"heading.default\">\n\t\t\t\t<div class=\"elementor-widget-container\">\n\t\t\t\t\t<h2 class=\"elementor-heading-title elementor-size-default\">MSA PROJECTS<\/h2>\t\t\t\t<\/div>\n\t\t\t\t<\/div>\n\t\t\t\t\t<\/div>\n\t\t\t\t<\/div>\n\t\t<div class=\"elementor-element elementor-element-f6a3a92 e-flex e-con-boxed e-con e-parent\" data-id=\"f6a3a92\" data-element_type=\"container\">\n\t\t\t\t\t<div class=\"e-con-inner\">\n\t\t\t\t<div class=\"elementor-element elementor-element-bb56c06 elementor-posts--align-center elementor-grid-3 elementor-grid-tablet-2 elementor-grid-mobile-1 elementor-posts--thumbnail-top elementor-widget elementor-widget-posts\" data-id=\"bb56c06\" data-element_type=\"widget\" data-settings=\"{&quot;classic_row_gap&quot;:{&quot;unit&quot;:&quot;px&quot;,&quot;size&quot;:20,&quot;sizes&quot;:[]},&quot;classic_columns&quot;:&quot;3&quot;,&quot;classic_columns_tablet&quot;:&quot;2&quot;,&quot;classic_columns_mobile&quot;:&quot;1&quot;,&quot;classic_row_gap_tablet&quot;:{&quot;unit&quot;:&quot;px&quot;,&quot;size&quot;:&quot;&quot;,&quot;sizes&quot;:[]},&quot;classic_row_gap_mobile&quot;:{&quot;unit&quot;:&quot;px&quot;,&quot;size&quot;:&quot;&quot;,&quot;sizes&quot;:[]}}\" data-widget_type=\"posts.classic\">\n\t\t\t\t<div class=\"elementor-widget-container\">\n\t\t\t\t\t\t\t<div class=\"elementor-posts-container elementor-posts elementor-posts--skin-classic elementor-grid\" role=\"list\">\n\t\t\t\t<article class=\"elementor-post elementor-grid-item post-404 post type-post status-publish format-standard has-post-thumbnail hentry category-tendencias-y-tecnologia\" role=\"listitem\">\n\t\t\t\t<a class=\"elementor-post__thumbnail__link\" href=\"https:\/\/msa-projects.com\/blog\/tendencias-en-desarrollo-web-2025\/\" tabindex=\"-1\">\n\t\t\t<div class=\"elementor-post__thumbnail\"><img fetchpriority=\"high\" decoding=\"async\" width=\"1536\" height=\"1024\" src=\"https:\/\/msa-projects.com\/blog\/wp-content\/uploads\/2025\/09\/Tendencias-en-desarrollo-web-2025.png\" class=\"attachment-full size-full wp-image-406\" alt=\"Tendencias en desarrollo web 2025\" srcset=\"https:\/\/msa-projects.com\/blog\/wp-content\/uploads\/2025\/09\/Tendencias-en-desarrollo-web-2025.png 1536w, https:\/\/msa-projects.com\/blog\/wp-content\/uploads\/2025\/09\/Tendencias-en-desarrollo-web-2025-300x200.png 300w, https:\/\/msa-projects.com\/blog\/wp-content\/uploads\/2025\/09\/Tendencias-en-desarrollo-web-2025-1024x683.png 1024w, https:\/\/msa-projects.com\/blog\/wp-content\/uploads\/2025\/09\/Tendencias-en-desarrollo-web-2025-768x512.png 768w\" sizes=\"(max-width: 1536px) 100vw, 1536px\" \/><\/div>\n\t\t<\/a>\n\t\t\t\t<div class=\"elementor-post__text\">\n\t\t\t\t<h3 class=\"elementor-post__title\">\n\t\t\t<a href=\"https:\/\/msa-projects.com\/blog\/tendencias-en-desarrollo-web-2025\/\">\n\t\t\t\tTendencias en desarrollo web 2025: lo que tu negocio necesita saber\t\t\t<\/a>\n\t\t<\/h3>\n\t\t\t\t<div class=\"elementor-post__meta-data\">\n\t\t\t\t\t<span class=\"elementor-post-date\">\n\t\t\tseptiembre 3, 2025\t\t<\/span>\n\t\t\t\t<\/div>\n\t\t\t\t<div class=\"elementor-post__excerpt\">\n\t\t\t<p>1. Velocidad y rendimiento web como prioridad Dentro de las tendencias en desarrollo web 2025, la velocidad de carga ocupa<\/p>\n\t\t<\/div>\n\t\t\n\t\t<a class=\"elementor-post__read-more\" href=\"https:\/\/msa-projects.com\/blog\/tendencias-en-desarrollo-web-2025\/\" aria-label=\"Read more about Tendencias en desarrollo web 2025: lo que tu negocio necesita saber\" tabindex=\"-1\">\n\t\t\tLeer nota completa &gt;&gt;\t\t<\/a>\n\n\t\t\t\t<\/div>\n\t\t\t\t<\/article>\n\t\t\t\t<article class=\"elementor-post elementor-grid-item post-354 post type-post status-publish format-standard has-post-thumbnail hentry category-desarrollo-web category-wordpress\" role=\"listitem\">\n\t\t\t\t<a class=\"elementor-post__thumbnail__link\" href=\"https:\/\/msa-projects.com\/blog\/mejores-plugins-de-wordpress\/\" tabindex=\"-1\">\n\t\t\t<div class=\"elementor-post__thumbnail\"><img decoding=\"async\" width=\"1200\" height=\"700\" src=\"https:\/\/msa-projects.com\/blog\/wp-content\/uploads\/2025\/08\/mejores-plugins-WordPress.jpg\" class=\"attachment-full size-full wp-image-359\" alt=\"mejores plugins de WordPress\" srcset=\"https:\/\/msa-projects.com\/blog\/wp-content\/uploads\/2025\/08\/mejores-plugins-WordPress.jpg 1200w, https:\/\/msa-projects.com\/blog\/wp-content\/uploads\/2025\/08\/mejores-plugins-WordPress-300x175.jpg 300w, https:\/\/msa-projects.com\/blog\/wp-content\/uploads\/2025\/08\/mejores-plugins-WordPress-1024x597.jpg 1024w, https:\/\/msa-projects.com\/blog\/wp-content\/uploads\/2025\/08\/mejores-plugins-WordPress-768x448.jpg 768w\" sizes=\"(max-width: 1200px) 100vw, 1200px\" \/><\/div>\n\t\t<\/a>\n\t\t\t\t<div class=\"elementor-post__text\">\n\t\t\t\t<h3 class=\"elementor-post__title\">\n\t\t\t<a href=\"https:\/\/msa-projects.com\/blog\/mejores-plugins-de-wordpress\/\">\n\t\t\t\tC\u00f3mo elegir los mejores plugins de WordPress sin arruinar la velocidad de tu web en 2025\t\t\t<\/a>\n\t\t<\/h3>\n\t\t\t\t<div class=\"elementor-post__meta-data\">\n\t\t\t\t\t<span class=\"elementor-post-date\">\n\t\t\tagosto 25, 2025\t\t<\/span>\n\t\t\t\t<\/div>\n\t\t\t\t<div class=\"elementor-post__excerpt\">\n\t\t\t<p>Uno de los grandes beneficios de WordPress es la enorme cantidad de plugins disponibles: hay m\u00e1s de 60.000 en el<\/p>\n\t\t<\/div>\n\t\t\n\t\t<a class=\"elementor-post__read-more\" href=\"https:\/\/msa-projects.com\/blog\/mejores-plugins-de-wordpress\/\" aria-label=\"Read more about C\u00f3mo elegir los mejores plugins de WordPress sin arruinar la velocidad de tu web en 2025\" tabindex=\"-1\">\n\t\t\tLeer nota completa &gt;&gt;\t\t<\/a>\n\n\t\t\t\t<\/div>\n\t\t\t\t<\/article>\n\t\t\t\t<article class=\"elementor-post elementor-grid-item post-324 post type-post status-publish format-standard has-post-thumbnail hentry category-blog\" role=\"listitem\">\n\t\t\t\t<a class=\"elementor-post__thumbnail__link\" href=\"https:\/\/msa-projects.com\/blog\/optimizar-la-velocidad-de-un-sitio-wordpress\/\" tabindex=\"-1\">\n\t\t\t<div class=\"elementor-post__thumbnail\"><img decoding=\"async\" width=\"1820\" height=\"1024\" src=\"https:\/\/msa-projects.com\/blog\/wp-content\/uploads\/2025\/08\/Como-optimizar-la-velocidad-de-un-sitio-WordPress-1.jpg\" class=\"attachment-full size-full wp-image-329\" alt=\"Como optimizar la velocidad de un sitio WordPress-1\" srcset=\"https:\/\/msa-projects.com\/blog\/wp-content\/uploads\/2025\/08\/Como-optimizar-la-velocidad-de-un-sitio-WordPress-1.jpg 1820w, https:\/\/msa-projects.com\/blog\/wp-content\/uploads\/2025\/08\/Como-optimizar-la-velocidad-de-un-sitio-WordPress-1-300x169.jpg 300w, https:\/\/msa-projects.com\/blog\/wp-content\/uploads\/2025\/08\/Como-optimizar-la-velocidad-de-un-sitio-WordPress-1-1024x576.jpg 1024w, https:\/\/msa-projects.com\/blog\/wp-content\/uploads\/2025\/08\/Como-optimizar-la-velocidad-de-un-sitio-WordPress-1-768x432.jpg 768w, https:\/\/msa-projects.com\/blog\/wp-content\/uploads\/2025\/08\/Como-optimizar-la-velocidad-de-un-sitio-WordPress-1-1536x864.jpg 1536w\" sizes=\"(max-width: 1820px) 100vw, 1820px\" \/><\/div>\n\t\t<\/a>\n\t\t\t\t<div class=\"elementor-post__text\">\n\t\t\t\t<h3 class=\"elementor-post__title\">\n\t\t\t<a href=\"https:\/\/msa-projects.com\/blog\/optimizar-la-velocidad-de-un-sitio-wordpress\/\">\n\t\t\t\tC\u00f3mo optimizar la velocidad de un sitio WordPress sin perder dise\u00f1o\t\t\t<\/a>\n\t\t<\/h3>\n\t\t\t\t<div class=\"elementor-post__meta-data\">\n\t\t\t\t\t<span class=\"elementor-post-date\">\n\t\t\tagosto 20, 2025\t\t<\/span>\n\t\t\t\t<\/div>\n\t\t\t\t<div class=\"elementor-post__excerpt\">\n\t\t\t<p>Optimizar la velocidad de un sitio WordPress es esencial para su \u00e9xito. Google la considera un factor clave de posicionamiento<\/p>\n\t\t<\/div>\n\t\t\n\t\t<a class=\"elementor-post__read-more\" href=\"https:\/\/msa-projects.com\/blog\/optimizar-la-velocidad-de-un-sitio-wordpress\/\" aria-label=\"Read more about C\u00f3mo optimizar la velocidad de un sitio WordPress sin perder dise\u00f1o\" tabindex=\"-1\">\n\t\t\tLeer nota completa &gt;&gt;\t\t<\/a>\n\n\t\t\t\t<\/div>\n\t\t\t\t<\/article>\n\t\t\t\t<article class=\"elementor-post elementor-grid-item post-270 post type-post status-publish format-standard has-post-thumbnail hentry category-tendencias-y-tecnologia\" role=\"listitem\">\n\t\t\t\t<a class=\"elementor-post__thumbnail__link\" href=\"https:\/\/msa-projects.com\/blog\/inteligencia-artificial-en-sitios-webs\/\" tabindex=\"-1\">\n\t\t\t<div class=\"elementor-post__thumbnail\"><img loading=\"lazy\" decoding=\"async\" width=\"1920\" height=\"700\" src=\"https:\/\/msa-projects.com\/blog\/wp-content\/uploads\/2025\/07\/Inteligencia-Artificial-en-sitios-webs-.png\" class=\"attachment-full size-full wp-image-274\" alt=\"Inteligencia artificial en sitios webs\" srcset=\"https:\/\/msa-projects.com\/blog\/wp-content\/uploads\/2025\/07\/Inteligencia-Artificial-en-sitios-webs-.png 1920w, https:\/\/msa-projects.com\/blog\/wp-content\/uploads\/2025\/07\/Inteligencia-Artificial-en-sitios-webs--300x109.png 300w, https:\/\/msa-projects.com\/blog\/wp-content\/uploads\/2025\/07\/Inteligencia-Artificial-en-sitios-webs--1024x373.png 1024w, https:\/\/msa-projects.com\/blog\/wp-content\/uploads\/2025\/07\/Inteligencia-Artificial-en-sitios-webs--768x280.png 768w, https:\/\/msa-projects.com\/blog\/wp-content\/uploads\/2025\/07\/Inteligencia-Artificial-en-sitios-webs--1536x560.png 1536w\" sizes=\"(max-width: 1920px) 100vw, 1920px\" \/><\/div>\n\t\t<\/a>\n\t\t\t\t<div class=\"elementor-post__text\">\n\t\t\t\t<h3 class=\"elementor-post__title\">\n\t\t\t<a href=\"https:\/\/msa-projects.com\/blog\/inteligencia-artificial-en-sitios-webs\/\">\n\t\t\t\tAutomatiz\u00e1, personaliz\u00e1 y sorprend\u00e9 (inteligencia artificial en sitios webs)\t\t\t<\/a>\n\t\t<\/h3>\n\t\t\t\t<div class=\"elementor-post__meta-data\">\n\t\t\t\t\t<span class=\"elementor-post-date\">\n\t\t\tjulio 21, 2025\t\t<\/span>\n\t\t\t\t<\/div>\n\t\t\t\t<div class=\"elementor-post__excerpt\">\n\t\t\t<p>Introducci\u00f3n La inteligencia artificial en sitios webs ya no es una tecnolog\u00eda del futuro: es parte del presente digital y<\/p>\n\t\t<\/div>\n\t\t\n\t\t<a class=\"elementor-post__read-more\" href=\"https:\/\/msa-projects.com\/blog\/inteligencia-artificial-en-sitios-webs\/\" aria-label=\"Read more about Automatiz\u00e1, personaliz\u00e1 y sorprend\u00e9 (inteligencia artificial en sitios webs)\" tabindex=\"-1\">\n\t\t\tLeer nota completa &gt;&gt;\t\t<\/a>\n\n\t\t\t\t<\/div>\n\t\t\t\t<\/article>\n\t\t\t\t<article class=\"elementor-post elementor-grid-item post-224 post type-post status-publish format-standard has-post-thumbnail hentry category-desarrollo-web category-wordpress tag-wordpress\" role=\"listitem\">\n\t\t\t\t<a class=\"elementor-post__thumbnail__link\" href=\"https:\/\/msa-projects.com\/blog\/importancia-de-tener-un-sitio-web\/\" tabindex=\"-1\">\n\t\t\t<div class=\"elementor-post__thumbnail\"><img loading=\"lazy\" decoding=\"async\" width=\"2048\" height=\"1024\" src=\"https:\/\/msa-projects.com\/blog\/wp-content\/uploads\/2025\/07\/La-importancia-del-desarrollo-web.png\" class=\"attachment-full size-full wp-image-226\" alt=\"La importancia de tener un sitio web\" srcset=\"https:\/\/msa-projects.com\/blog\/wp-content\/uploads\/2025\/07\/La-importancia-del-desarrollo-web.png 2048w, https:\/\/msa-projects.com\/blog\/wp-content\/uploads\/2025\/07\/La-importancia-del-desarrollo-web-300x150.png 300w, https:\/\/msa-projects.com\/blog\/wp-content\/uploads\/2025\/07\/La-importancia-del-desarrollo-web-1024x512.png 1024w, https:\/\/msa-projects.com\/blog\/wp-content\/uploads\/2025\/07\/La-importancia-del-desarrollo-web-768x384.png 768w, https:\/\/msa-projects.com\/blog\/wp-content\/uploads\/2025\/07\/La-importancia-del-desarrollo-web-1536x768.png 1536w\" sizes=\"(max-width: 2048px) 100vw, 2048px\" \/><\/div>\n\t\t<\/a>\n\t\t\t\t<div class=\"elementor-post__text\">\n\t\t\t\t<h3 class=\"elementor-post__title\">\n\t\t\t<a href=\"https:\/\/msa-projects.com\/blog\/importancia-de-tener-un-sitio-web\/\">\n\t\t\t\tLa importancia de tener un sitio web en todo Emprendimiento o Negocio\t\t\t<\/a>\n\t\t<\/h3>\n\t\t\t\t<div class=\"elementor-post__meta-data\">\n\t\t\t\t\t<span class=\"elementor-post-date\">\n\t\t\tjulio 9, 2025\t\t<\/span>\n\t\t\t\t<\/div>\n\t\t\t\t<div class=\"elementor-post__excerpt\">\n\t\t\t<p>En la era digital actual, donde la informaci\u00f3n fluye a la velocidad de un clic, la importancia de tener un<\/p>\n\t\t<\/div>\n\t\t\n\t\t<a class=\"elementor-post__read-more\" href=\"https:\/\/msa-projects.com\/blog\/importancia-de-tener-un-sitio-web\/\" aria-label=\"Read more about La importancia de tener un sitio web en todo Emprendimiento o Negocio\" tabindex=\"-1\">\n\t\t\tLeer nota completa &gt;&gt;\t\t<\/a>\n\n\t\t\t\t<\/div>\n\t\t\t\t<\/article>\n\t\t\t\t<article class=\"elementor-post elementor-grid-item post-184 post type-post status-publish format-standard has-post-thumbnail hentry category-desarrollo-web category-wordpress tag-wordpress\" role=\"listitem\">\n\t\t\t\t<a class=\"elementor-post__thumbnail__link\" href=\"https:\/\/msa-projects.com\/blog\/wordpress-para-agencias-de-desarrollo-web\/\" tabindex=\"-1\">\n\t\t\t<div class=\"elementor-post__thumbnail\"><img loading=\"lazy\" decoding=\"async\" width=\"1920\" height=\"800\" src=\"https:\/\/msa-projects.com\/blog\/wp-content\/uploads\/2025\/07\/WordPress-para-agencias-de-desarrollo-web-.jpg\" class=\"attachment-full size-full wp-image-194\" alt=\"WordPress para agencias de desarrollo web\" srcset=\"https:\/\/msa-projects.com\/blog\/wp-content\/uploads\/2025\/07\/WordPress-para-agencias-de-desarrollo-web-.jpg 1920w, https:\/\/msa-projects.com\/blog\/wp-content\/uploads\/2025\/07\/WordPress-para-agencias-de-desarrollo-web--300x125.jpg 300w, https:\/\/msa-projects.com\/blog\/wp-content\/uploads\/2025\/07\/WordPress-para-agencias-de-desarrollo-web--1024x427.jpg 1024w, https:\/\/msa-projects.com\/blog\/wp-content\/uploads\/2025\/07\/WordPress-para-agencias-de-desarrollo-web--768x320.jpg 768w, https:\/\/msa-projects.com\/blog\/wp-content\/uploads\/2025\/07\/WordPress-para-agencias-de-desarrollo-web--1536x640.jpg 1536w\" sizes=\"(max-width: 1920px) 100vw, 1920px\" \/><\/div>\n\t\t<\/a>\n\t\t\t\t<div class=\"elementor-post__text\">\n\t\t\t\t<h3 class=\"elementor-post__title\">\n\t\t\t<a href=\"https:\/\/msa-projects.com\/blog\/wordpress-para-agencias-de-desarrollo-web\/\">\n\t\t\t\tWordPress para agencias de desarrollo web: La herramienta n\u00famero uno para sitios profesionales\t\t\t<\/a>\n\t\t<\/h3>\n\t\t\t\t<div class=\"elementor-post__meta-data\">\n\t\t\t\t\t<span class=\"elementor-post-date\">\n\t\t\tjulio 7, 2025\t\t<\/span>\n\t\t\t\t<\/div>\n\t\t\t\t<div class=\"elementor-post__excerpt\">\n\t\t\t<p>Cuando se trata de crear sitios profesionales, WordPress para agencias de desarrollo web se posiciona como una de las herramientas<\/p>\n\t\t<\/div>\n\t\t\n\t\t<a class=\"elementor-post__read-more\" href=\"https:\/\/msa-projects.com\/blog\/wordpress-para-agencias-de-desarrollo-web\/\" aria-label=\"Read more about WordPress para agencias de desarrollo web: La herramienta n\u00famero uno para sitios profesionales\" tabindex=\"-1\">\n\t\t\tLeer nota completa &gt;&gt;\t\t<\/a>\n\n\t\t\t\t<\/div>\n\t\t\t\t<\/article>\n\t\t\t\t<\/div>\n\t\t\n\t\t\t\t\t\t<\/div>\n\t\t\t\t<\/div>\n\t\t\t\t\t<\/div>\n\t\t\t\t<\/div>\n\t\t\t\t<\/div>\n\t\t","protected":false},"excerpt":{"rendered":"<p>Noticias MSA PROJECTS<\/p>\n","protected":false},"author":1,"featured_media":0,"parent":0,"menu_order":0,"comment_status":"closed","ping_status":"closed","template":"","meta":{"footnotes":""},"class_list":["post-71","page","type-page","status-publish","hentry"],"_links":{"self":[{"href":"https:\/\/msa-projects.com\/blog\/wp-json\/wp\/v2\/pages\/71","targetHints":{"allow":["GET"]}}],"collection":[{"href":"https:\/\/msa-projects.com\/blog\/wp-json\/wp\/v2\/pages"}],"about":[{"href":"https:\/\/msa-projects.com\/blog\/wp-json\/wp\/v2\/types\/page"}],"author":[{"embeddable":true,"href":"https:\/\/msa-projects.com\/blog\/wp-json\/wp\/v2\/users\/1"}],"replies":[{"embeddable":true,"href":"https:\/\/msa-projects.com\/blog\/wp-json\/wp\/v2\/comments?post=71"}],"version-history":[{"count":52,"href":"https:\/\/msa-projects.com\/blog\/wp-json\/wp\/v2\/pages\/71\/revisions"}],"predecessor-version":[{"id":223,"href":"https:\/\/msa-projects.com\/blog\/wp-json\/wp\/v2\/pages\/71\/revisions\/223"}],"wp:attachment":[{"href":"https:\/\/msa-projects.com\/blog\/wp-json\/wp\/v2\/media?parent=71"}],"curies":[{"name":"wp","href":"https:\/\/api.w.org\/{rel}","templated":true}]}}