{"id":301,"date":"2025-07-21T23:25:35","date_gmt":"2025-07-21T23:25:35","guid":{"rendered":"https:\/\/msa-projects.com\/blog\/?page_id=301"},"modified":"2025-08-20T22:32:38","modified_gmt":"2025-08-20T22:32:38","slug":"tutoriales-y-guias","status":"publish","type":"page","link":"https:\/\/msa-projects.com\/blog\/tutoriales-y-guias\/","title":{"rendered":"Tutoriales y Gu\u00edas"},"content":{"rendered":"\t\t<div data-elementor-type=\"wp-page\" data-elementor-id=\"301\" class=\"elementor elementor-301\" data-elementor-post-type=\"page\">\n\t\t\t\t<div class=\"elementor-element elementor-element-7566483 e-flex e-con-boxed e-con e-parent\" data-id=\"7566483\" data-element_type=\"container\" data-settings=\"{&quot;background_background&quot;:&quot;classic&quot;}\">\n\t\t\t\t\t<div class=\"e-con-inner\">\n\t\t\t\t<div class=\"elementor-element elementor-element-e001613 elementor-widget elementor-widget-heading\" data-id=\"e001613\" data-element_type=\"widget\" data-widget_type=\"heading.default\">\n\t\t\t\t<div class=\"elementor-widget-container\">\n\t\t\t\t\t<h2 class=\"elementor-heading-title elementor-size-default\">Tutoriales<\/h2>\t\t\t\t<\/div>\n\t\t\t\t<\/div>\n\t\t\t\t<div class=\"elementor-element elementor-element-b566e44 elementor-widget elementor-widget-heading\" data-id=\"b566e44\" data-element_type=\"widget\" data-widget_type=\"heading.default\">\n\t\t\t\t<div class=\"elementor-widget-container\">\n\t\t\t\t\t<h2 class=\"elementor-heading-title elementor-size-default\">MSA PROJECTS<\/h2>\t\t\t\t<\/div>\n\t\t\t\t<\/div>\n\t\t\t\t\t<\/div>\n\t\t\t\t<\/div>\n\t\t<div class=\"elementor-element elementor-element-9bcb677 e-flex e-con-boxed e-con e-parent\" data-id=\"9bcb677\" data-element_type=\"container\">\n\t\t\t\t\t<div class=\"e-con-inner\">\n\t\t\t\t<div class=\"elementor-element elementor-element-829e275 elementor-widget elementor-widget-text-editor\" data-id=\"829e275\" data-element_type=\"widget\" data-widget_type=\"text-editor.default\">\n\t\t\t\t<div class=\"elementor-widget-container\">\n\t\t\t\t\t\t\t\t\t<p data-start=\"253\" data-end=\"501\">En <strong data-start=\"256\" data-end=\"272\">MSA Projects<\/strong> trabajamos codo a codo con <a href=\"https:\/\/donweb.com\" rel=\"noopener\"><strong data-start=\"300\" data-end=\"310\">DonWeb<\/strong><\/a>, una de las empresas de hosting l\u00edderes en Latinoam\u00e9rica, para crear contenido \u00fatil, actualizado y accionable sobre <strong data-start=\"427\" data-end=\"500\">desarrollo web, WordPress, optimizaci\u00f3n de sitios y marketing digital<\/strong>.<\/p><p data-start=\"503\" data-end=\"749\">En esta secci\u00f3n vas a encontrar los videos que realizamos junto a su equipo, donde compartimos nuestra experiencia como desarrolladores y acercamos soluciones reales a emprendedores, agencias y profesionales que trabajan todos los d\u00edas en la web.<\/p><p data-start=\"751\" data-end=\"911\">\ud83c\udfaf <strong data-start=\"754\" data-end=\"806\">Tutoriales, consejos t\u00e9cnicos y buenas pr\u00e1cticas<\/strong>, pensados desde nuestra experiencia, para ayudarte a sacar el m\u00e1ximo provecho a tus proyectos digitales<\/p>\t\t\t\t\t\t\t\t<\/div>\n\t\t\t\t<\/div>\n\t\t\t\t\t<\/div>\n\t\t\t\t<\/div>\n\t\t<div class=\"elementor-element elementor-element-2fbde19 e-flex e-con-boxed e-con e-parent\" data-id=\"2fbde19\" data-element_type=\"container\">\n\t\t\t\t\t<div class=\"e-con-inner\">\n\t\t<div class=\"elementor-element elementor-element-08de16a e-con-full e-flex e-con e-child\" data-id=\"08de16a\" data-element_type=\"container\">\n\t\t\t\t<div class=\"elementor-element elementor-element-5f0d8f1 elementor-widget elementor-widget-video\" data-id=\"5f0d8f1\" data-element_type=\"widget\" data-settings=\"{&quot;youtube_url&quot;:&quot;https:\\\/\\\/www.youtube.com\\\/watch?v=mUf4XNZlF5w&amp;list=PL2CDwGO3NdfMjyjZ4LZDcrSrCpcmTxpM1&amp;ab_channel=donweb&quot;,&quot;video_type&quot;:&quot;youtube&quot;,&quot;controls&quot;:&quot;yes&quot;}\" data-widget_type=\"video.default\">\n\t\t\t\t<div class=\"elementor-widget-container\">\n\t\t\t\t\t\t\t<div class=\"elementor-wrapper elementor-open-inline\">\n\t\t\t<div class=\"elementor-video\"><\/div>\t\t<\/div>\n\t\t\t\t\t\t<\/div>\n\t\t\t\t<\/div>\n\t\t\t\t<\/div>\n\t\t<div class=\"elementor-element elementor-element-189f8fd e-con-full e-flex e-con e-child\" data-id=\"189f8fd\" data-element_type=\"container\">\n\t\t\t\t<div class=\"elementor-element elementor-element-6c959f6 elementor-widget elementor-widget-video\" data-id=\"6c959f6\" data-element_type=\"widget\" data-settings=\"{&quot;youtube_url&quot;:&quot;https:\\\/\\\/www.youtube.com\\\/watch?v=_4sDasU9c7E&amp;list=PL2CDwGO3NdfMjyjZ4LZDcrSrCpcmTxpM1&amp;index=2&amp;ab_channel=donweb&quot;,&quot;video_type&quot;:&quot;youtube&quot;,&quot;controls&quot;:&quot;yes&quot;}\" data-widget_type=\"video.default\">\n\t\t\t\t<div class=\"elementor-widget-container\">\n\t\t\t\t\t\t\t<div class=\"elementor-wrapper elementor-open-inline\">\n\t\t\t<div class=\"elementor-video\"><\/div>\t\t<\/div>\n\t\t\t\t\t\t<\/div>\n\t\t\t\t<\/div>\n\t\t\t\t<\/div>\n\t\t<div class=\"elementor-element elementor-element-f5d6f68 e-con-full e-flex e-con e-child\" data-id=\"f5d6f68\" data-element_type=\"container\">\n\t\t\t\t<div class=\"elementor-element elementor-element-0cc52a4 elementor-widget elementor-widget-video\" data-id=\"0cc52a4\" data-element_type=\"widget\" data-settings=\"{&quot;youtube_url&quot;:&quot;https:\\\/\\\/www.youtube.com\\\/watch?v=l2w1qHXi2Ro&amp;list=PL2CDwGO3NdfMjyjZ4LZDcrSrCpcmTxpM1&amp;index=3&amp;ab_channel=donweb&quot;,&quot;video_type&quot;:&quot;youtube&quot;,&quot;controls&quot;:&quot;yes&quot;}\" data-widget_type=\"video.default\">\n\t\t\t\t<div class=\"elementor-widget-container\">\n\t\t\t\t\t\t\t<div class=\"elementor-wrapper elementor-open-inline\">\n\t\t\t<div class=\"elementor-video\"><\/div>\t\t<\/div>\n\t\t\t\t\t\t<\/div>\n\t\t\t\t<\/div>\n\t\t\t\t<\/div>\n\t\t\t\t\t<\/div>\n\t\t\t\t<\/div>\n\t\t<div class=\"elementor-element elementor-element-2b8eac5 e-flex e-con-boxed e-con e-parent\" data-id=\"2b8eac5\" data-element_type=\"container\">\n\t\t\t\t\t<div class=\"e-con-inner\">\n\t\t<div class=\"elementor-element elementor-element-a5464a2 e-con-full e-flex e-con e-child\" data-id=\"a5464a2\" data-element_type=\"container\">\n\t\t\t\t<div class=\"elementor-element elementor-element-b713427 elementor-widget elementor-widget-video\" data-id=\"b713427\" data-element_type=\"widget\" data-settings=\"{&quot;youtube_url&quot;:&quot;https:\\\/\\\/www.youtube.com\\\/watch?v=2PIBWknkfrk&amp;list=PL2CDwGO3NdfMjyjZ4LZDcrSrCpcmTxpM1&amp;index=5&amp;ab_channel=donweb&quot;,&quot;video_type&quot;:&quot;youtube&quot;,&quot;controls&quot;:&quot;yes&quot;}\" data-widget_type=\"video.default\">\n\t\t\t\t<div class=\"elementor-widget-container\">\n\t\t\t\t\t\t\t<div class=\"elementor-wrapper elementor-open-inline\">\n\t\t\t<div class=\"elementor-video\"><\/div>\t\t<\/div>\n\t\t\t\t\t\t<\/div>\n\t\t\t\t<\/div>\n\t\t\t\t<\/div>\n\t\t<div class=\"elementor-element elementor-element-6ec2e2f e-con-full e-flex e-con e-child\" data-id=\"6ec2e2f\" data-element_type=\"container\">\n\t\t\t\t<div class=\"elementor-element elementor-element-82110eb elementor-widget elementor-widget-video\" data-id=\"82110eb\" data-element_type=\"widget\" data-settings=\"{&quot;youtube_url&quot;:&quot;https:\\\/\\\/www.youtube.com\\\/watch?v=ESF_e9QRMAY&amp;list=PL2CDwGO3NdfMjyjZ4LZDcrSrCpcmTxpM1&amp;index=6&amp;ab_channel=donweb&quot;,&quot;video_type&quot;:&quot;youtube&quot;,&quot;controls&quot;:&quot;yes&quot;}\" data-widget_type=\"video.default\">\n\t\t\t\t<div class=\"elementor-widget-container\">\n\t\t\t\t\t\t\t<div class=\"elementor-wrapper elementor-open-inline\">\n\t\t\t<div class=\"elementor-video\"><\/div>\t\t<\/div>\n\t\t\t\t\t\t<\/div>\n\t\t\t\t<\/div>\n\t\t\t\t<\/div>\n\t\t<div class=\"elementor-element elementor-element-4e7a1b4 e-con-full e-flex e-con e-child\" data-id=\"4e7a1b4\" data-element_type=\"container\">\n\t\t\t\t<div class=\"elementor-element elementor-element-ca84460 elementor-widget elementor-widget-video\" data-id=\"ca84460\" data-element_type=\"widget\" data-settings=\"{&quot;youtube_url&quot;:&quot;https:\\\/\\\/www.youtube.com\\\/watch?v=g7IZcZ0vB_Y&amp;list=PL2CDwGO3NdfMjyjZ4LZDcrSrCpcmTxpM1&amp;index=7&amp;ab_channel=donweb&quot;,&quot;video_type&quot;:&quot;youtube&quot;,&quot;controls&quot;:&quot;yes&quot;}\" data-widget_type=\"video.default\">\n\t\t\t\t<div class=\"elementor-widget-container\">\n\t\t\t\t\t\t\t<div class=\"elementor-wrapper elementor-open-inline\">\n\t\t\t<div class=\"elementor-video\"><\/div>\t\t<\/div>\n\t\t\t\t\t\t<\/div>\n\t\t\t\t<\/div>\n\t\t\t\t<\/div>\n\t\t\t\t\t<\/div>\n\t\t\t\t<\/div>\n\t\t\t\t<\/div>\n\t\t","protected":false},"excerpt":{"rendered":"<p>Tutoriales MSA PROJECTS En MSA Projects trabajamos codo a codo con DonWeb, una de las empresas de hosting l\u00edderes en Latinoam\u00e9rica, para crear contenido \u00fatil, actualizado y accionable sobre desarrollo web, WordPress, optimizaci\u00f3n de sitios y marketing digital. En esta secci\u00f3n vas a encontrar los videos que realizamos junto a su equipo, donde compartimos nuestra [&hellip;]<\/p>\n","protected":false},"author":1,"featured_media":0,"parent":0,"menu_order":0,"comment_status":"closed","ping_status":"closed","template":"elementor_theme","meta":{"footnotes":""},"class_list":["post-301","page","type-page","status-publish","hentry"],"_links":{"self":[{"href":"https:\/\/msa-projects.com\/blog\/wp-json\/wp\/v2\/pages\/301","targetHints":{"allow":["GET"]}}],"collection":[{"href":"https:\/\/msa-projects.com\/blog\/wp-json\/wp\/v2\/pages"}],"about":[{"href":"https:\/\/msa-projects.com\/blog\/wp-json\/wp\/v2\/types\/page"}],"author":[{"embeddable":true,"href":"https:\/\/msa-projects.com\/blog\/wp-json\/wp\/v2\/users\/1"}],"replies":[{"embeddable":true,"href":"https:\/\/msa-projects.com\/blog\/wp-json\/wp\/v2\/comments?post=301"}],"version-history":[{"count":24,"href":"https:\/\/msa-projects.com\/blog\/wp-json\/wp\/v2\/pages\/301\/revisions"}],"predecessor-version":[{"id":345,"href":"https:\/\/msa-projects.com\/blog\/wp-json\/wp\/v2\/pages\/301\/revisions\/345"}],"wp:attachment":[{"href":"https:\/\/msa-projects.com\/blog\/wp-json\/wp\/v2\/media?parent=301"}],"curies":[{"name":"wp","href":"https:\/\/api.w.org\/{rel}","templated":true}]}}